{"id":31,"date":"2015-01-22T18:25:44","date_gmt":"2015-01-22T18:25:44","guid":{"rendered":"http:\/\/nosundsbathamn.se\/wp\/?page_id=31"},"modified":"2025-11-08T10:35:20","modified_gmt":"2025-11-08T10:35:20","slug":"avtal","status":"publish","type":"page","link":"http:\/\/nosundsbathamn.se\/wp\/?page_id=31","title":{"rendered":"Avtal"},"content":{"rendered":"<p><a href=\"http:\/\/nosundsbathamn.se\/wp\/wp-content\/uploads\/2015\/01\/avtal_hyra_batplats.pdf\">Avtal f\u00f6r hyra av b\u00e5tplats<\/a><\/p>\n<p style=\"text-align: left;\"><a href=\"http:\/\/nosundsbathamn.se\/wp\/wp-content\/uploads\/2025\/11\/Elavtal-2.pdf\">Elavtal<\/a><\/p>\n<p><a href=\"http:\/\/nosundsbathamn.se\/wp\/wp-content\/uploads\/2015\/01\/AndrahandsuthyrningNB0805.doc\">Ans\u00f6kan om andrahandsuthyrning<\/a><\/p>\n\n\n<p><strong><span style=\"color:#132276\" class=\"has-inline-color\">Elanslutning i N\u00f6sunds B\u00e5thamn under perioden oktober-maj<\/span><\/strong>.<br>F\u00f6rfr\u00e5gan om tillst\u00e5nd skickas till medlem i styrelsen.<br>B\u00e5ten f\u00e5r uppv\u00e4rmas med element som har effekt om max 1000W.<br>B\u00e5tplatsinnehavare ansvarar f\u00f6r egen v\u00e4rmare och att installera elm\u00e4tare som \u00e4r,<br>&#8211; V\u00e4dert\u00e5lig-IP54-klassad f\u00f6r anv\u00e4ndande utomhus med noggrannhetsklass 2.<br>&#8211; Milj\u00f6er och temperaturer fr\u00e5n -25 till 55 \u00b0C .<br>Elf\u00f6rbrukningen informeras till Kass\u00f6r i B\u00e5thamnen senast 15 juni varje \u00e5r.<br>Kostnaden debiteras efter modellen, ett genomsnitts Kwh pris under perioden oktober &#8211; maj.<\/p>\n","protected":false},"excerpt":{"rendered":"<p>Avtal f\u00f6r hyra av b\u00e5tplats Elavtal Ans\u00f6kan om andrahandsuthyrning Elanslutning i N\u00f6sunds B\u00e5thamn under perioden oktober-maj.F\u00f6rfr\u00e5gan om tillst\u00e5nd skickas till medlem i styrelsen.B\u00e5ten f\u00e5r uppv\u00e4rmas&hellip;<\/p>\n","protected":false},"author":2,"featured_media":0,"parent":0,"menu_order":0,"comment_status":"closed","ping_status":"open","template":"","meta":{"_links_to":"","_links_to_target":""},"_links":{"self":[{"href":"http:\/\/nosundsbathamn.se\/wp\/index.php?rest_route=\/wp\/v2\/pages\/31"}],"collection":[{"href":"http:\/\/nosundsbathamn.se\/wp\/index.php?rest_route=\/wp\/v2\/pages"}],"about":[{"href":"http:\/\/nosundsbathamn.se\/wp\/index.php?rest_route=\/wp\/v2\/types\/page"}],"author":[{"embeddable":true,"href":"http:\/\/nosundsbathamn.se\/wp\/index.php?rest_route=\/wp\/v2\/users\/2"}],"replies":[{"embeddable":true,"href":"http:\/\/nosundsbathamn.se\/wp\/index.php?rest_route=%2Fwp%2Fv2%2Fcomments&post=31"}],"version-history":[{"count":7,"href":"http:\/\/nosundsbathamn.se\/wp\/index.php?rest_route=\/wp\/v2\/pages\/31\/revisions"}],"predecessor-version":[{"id":382,"href":"http:\/\/nosundsbathamn.se\/wp\/index.php?rest_route=\/wp\/v2\/pages\/31\/revisions\/382"}],"wp:attachment":[{"href":"http:\/\/nosundsbathamn.se\/wp\/index.php?rest_route=%2Fwp%2Fv2%2Fmedia&parent=31"}],"curies":[{"name":"wp","href":"https:\/\/api.w.org\/{rel}","templated":true}]}}