{"id":100,"date":"2015-05-31T20:50:27","date_gmt":"2015-05-31T20:50:27","guid":{"rendered":"http:\/\/nosundsbathamn.se\/wp\/?page_id=100"},"modified":"2023-09-18T05:30:54","modified_gmt":"2023-09-18T05:30:54","slug":"avfallshanteringsplan","status":"publish","type":"page","link":"http:\/\/nosundsbathamn.se\/wp\/?page_id=100","title":{"rendered":"Avfallshantering"},"content":{"rendered":"<p>T\u00f6mning av b\u00e5ttoaletter sker i den n\u00e4raliggande kommunala hamnen i Moll\u00f6sund.<a href=\"http:\/\/nosundsbathamn.se\/wp\/wp-content\/uploads\/2015\/05\/skylt.jpg\"><img loading=\"lazy\" class=\" wp-image-109 size-medium alignright\" src=\"http:\/\/nosundsbathamn.se\/wp\/wp-content\/uploads\/2015\/05\/skylt-300x197.jpg\" alt=\"skylt\" width=\"300\" height=\"197\" srcset=\"http:\/\/nosundsbathamn.se\/wp\/wp-content\/uploads\/2015\/05\/skylt-300x197.jpg 300w, http:\/\/nosundsbathamn.se\/wp\/wp-content\/uploads\/2015\/05\/skylt-1024x671.jpg 1024w, http:\/\/nosundsbathamn.se\/wp\/wp-content\/uploads\/2015\/05\/skylt.jpg 1436w\" sizes=\"(max-width: 300px) 100vw, 300px\" \/><\/a><\/p>\n<p>Toalett med anslutning till kommunalt avlopp finns vid hamnens landf\u00e4ste.<\/p>\n\n\n<div class=\"wp-block-file\"><a href=\"http:\/\/nosundsbathamn.se\/wp\/wp-content\/uploads\/2023\/09\/Avfallshanteringsplan-for-Nosunds-Bathamn-2.pdf\">Avfallshanteringsplan<\/a><a href=\"http:\/\/nosundsbathamn.se\/wp\/wp-content\/uploads\/2023\/09\/Avfallshanteringsplan-for-Nosunds-Bathamn-2.pdf\" class=\"wp-block-file__button\" download>Ladda ner<\/a><\/div>\n\n\n\n<div class=\"wp-block-file\"><a href=\"http:\/\/nosundsbathamn.se\/wp\/wp-content\/uploads\/2015\/05\/Avfallshanteringsplan.1.pdf\">Avfallshanteringsplan 2015 <\/a><a href=\"http:\/\/nosundsbathamn.se\/wp\/wp-content\/uploads\/2015\/05\/Avfallshanteringsplan.1.pdf\" class=\"wp-block-file__button\" download>Ladda ner<\/a><\/div>\n\n\n\n<p><\/p>\n","protected":false},"excerpt":{"rendered":"<p>T\u00f6mning av b\u00e5ttoaletter sker i den n\u00e4raliggande kommunala hamnen i Moll\u00f6sund. Toalett med anslutning till kommunalt avlopp finns vid hamnens landf\u00e4ste.<\/p>\n","protected":false},"author":2,"featured_media":0,"parent":0,"menu_order":100,"comment_status":"closed","ping_status":"open","template":"","meta":{"_links_to":"","_links_to_target":""},"_links":{"self":[{"href":"http:\/\/nosundsbathamn.se\/wp\/index.php?rest_route=\/wp\/v2\/pages\/100"}],"collection":[{"href":"http:\/\/nosundsbathamn.se\/wp\/index.php?rest_route=\/wp\/v2\/pages"}],"about":[{"href":"http:\/\/nosundsbathamn.se\/wp\/index.php?rest_route=\/wp\/v2\/types\/page"}],"author":[{"embeddable":true,"href":"http:\/\/nosundsbathamn.se\/wp\/index.php?rest_route=\/wp\/v2\/users\/2"}],"replies":[{"embeddable":true,"href":"http:\/\/nosundsbathamn.se\/wp\/index.php?rest_route=%2Fwp%2Fv2%2Fcomments&post=100"}],"version-history":[{"count":8,"href":"http:\/\/nosundsbathamn.se\/wp\/index.php?rest_route=\/wp\/v2\/pages\/100\/revisions"}],"predecessor-version":[{"id":301,"href":"http:\/\/nosundsbathamn.se\/wp\/index.php?rest_route=\/wp\/v2\/pages\/100\/revisions\/301"}],"wp:attachment":[{"href":"http:\/\/nosundsbathamn.se\/wp\/index.php?rest_route=%2Fwp%2Fv2%2Fmedia&parent=100"}],"curies":[{"name":"wp","href":"https:\/\/api.w.org\/{rel}","templated":true}]}}